{"id":19406,"date":"2016-12-27T10:56:37","date_gmt":"2016-12-27T09:56:37","guid":{"rendered":"https:\/\/www.arno.es\/aviso-legal\/"},"modified":"2016-12-27T10:56:37","modified_gmt":"2016-12-27T10:56:37","slug":"aviso-legal","status":"publish","type":"page","link":"https:\/\/www.arno.es\/ca\/aviso-legal\/","title":{"rendered":"Aviso Legal"},"content":{"rendered":"<div class=\"fusion-fullwidth fullwidth-box fusion-builder-row-1 fusion-flex-container hundred-percent-fullwidth non-hundred-percent-height-scrolling\" style=\"--awb-border-radius-top-left:0px;--awb-border-radius-top-right:0px;--awb-border-radius-bottom-right:0px;--awb-border-radius-bottom-left:0px;--awb-padding-right:100px;--awb-padding-left:100px;--awb-flex-wrap:wrap;\" ><div class=\"fusion-builder-row fusion-row fusion-flex-align-items-flex-start fusion-flex-content-wrap\" style=\"width:calc( 100% + 0px ) !important;max-width:calc( 100% + 0px ) !important;margin-left: calc(-0px \/ 2 );margin-right: calc(-0px \/ 2 );\"><div class=\"fusion-layout-column fusion_builder_column fusion-builder-column-0 fusion_builder_column_1_1 1_1 fusion-flex-column\" style=\"--awb-bg-size:cover;--awb-width-large:100%;--awb-margin-top-large:0px;--awb-spacing-right-large:0px;--awb-margin-bottom-large:0px;--awb-spacing-left-large:0px;--awb-width-medium:100%;--awb-spacing-right-medium:0px;--awb-spacing-left-medium:0px;--awb-width-small:100%;--awb-spacing-right-small:0px;--awb-spacing-left-small:0px;\"><div class=\"fusion-column-wrapper fusion-flex-justify-content-flex-start fusion-content-layout-column\"><div class=\"fusion-text fusion-text-1\"><p><strong>AV\u00cdS LEGAL<\/strong><br \/>\n<strong>1.- INTRODUCCI\u00d3<\/strong><br \/>\nEl present av\u00eds legal cont\u00e9 les normes d\u2019\u00fas del portal\u00a0<a href=\"https:\/\/www.arno.es\/?lang=ca\">www.arno.es<\/a>\u00a0BENITO ARN\u00d3 E HIJOS, S.A.U I GRUP ARN\u00d3, que inclou totes aquelles societats que consten en l\u2019enlla\u00e7 seg\u00fcent\u00a0<a href=\"https:\/\/www.arno.es\/?lang=ca\">www.arno.es<\/a>, amb domicili a pla\u00e7a de l\u2019Ensenyan\u00e7a n\u00fam. 1, CP 25002 de Lleida, que com a titular del mateix posa a disposici\u00f3 dels usuaris d\u2019Internet, exclusivament amb la finalitat de proporcionar informaci\u00f3 sobre els productes i serveis oferts.<br \/>\nL\u2019acc\u00e9s i\/o utilitzaci\u00f3 del portal li atribueix la condici\u00f3 d\u2019usuari del mateix i suposa la plena acceptaci\u00f3 d\u2019aquestes condicions generals, que s\u00f3n aplicables sense perjudici de les condicions particulars o especials que, si escau, s\u2019estableixin. Si no accepta aquestes condicions d\u2019\u00fas, s\u2019ha d\u2019abstenir d\u2019accedir i\/o utilitzar el portal.<br \/>\n<strong>2.- IDENTITAT DEL TITULAR DEL LLOC WEB<\/strong><br \/>\nEn compliment del deure d\u2019informaci\u00f3 establert a l\u2019article 10 de la Llei 34\/2002, d\u201911 de juliol, de Serveis de la Societat de la Informaci\u00f3 i Comer\u00e7 Electr\u00f2nic, s\u2019informa de les dades identificatives de l\u2019empresa titular del web:<br \/>\nDenominaci\u00f3: BENITO ARN\u00d3 E HIJOS, S.A.U I GRUP ARN\u00d3<br \/>\nDomicili social: Pla\u00e7a de l\u2019Ensenyan\u00e7a n\u00fam. 1, 25002, Lleida.<br \/>\nInscripci\u00f3: inscrita al Registre Mercantil de Lleida, Tom 14, Foli 52, Full 177<br \/>\nCIF: A25006834<br \/>\nTel\u00e8fon: 973.243.262<br \/>\nFax: 973.243.304<br \/>\nCorreu electr\u00f2nic: arno@arno.es<br \/>\nQualsevol esment del responsable en el present document es considerar\u00e0 fet a nom de BENITO ARN\u00d3 E HIJOS, S.A.U I GRUP ARN\u00d3 i a les dades de contacte facilitades al present apartat.<br \/>\n<strong>3.- USUARIS<\/strong><br \/>\nEncara que l\u2019acc\u00e9s i\/o utilitzaci\u00f3 del portal no exigeix el registre dels usuaris, \u00e9s possible que la utilitzaci\u00f3 d\u2019alguns serveis es condicioni a emplenar pr\u00e8viament un formulari de registre i l\u2019\u00fas d\u2019una clau d\u2019acc\u00e9s composta d\u2019un codi d\u2019usuari (login) i una contrasenya (password), que rebr\u00e0 despr\u00e9s d\u2019haver completat el proc\u00e9s de registre.<br \/>\nPer aix\u00f2 en relaci\u00f3 amb el proc\u00e9s de registre i a les dades que se li demanen, l\u2019usuari est\u00e0 obligat a facilitar i mantenir la informaci\u00f3 de forma vera\u00e7, exacta, actualitzada i completa sobre la seva identitat, havent de comunicar qualsevol modificaci\u00f3 al responsable mitjan\u00e7ant el formulari accessible des de la p\u00e0gina web, sent l\u2019usuari l\u2019\u00fanic responsable de l\u2019\u00fas del mateix. A m\u00e9s l\u2019usuari es compromet a fer un \u00fas diligent de les claus d\u2019acc\u00e9s, a no posar-les a disposici\u00f3 de tercers i a comunicar-ne al responsable la p\u00e8rdua o robatori i el possible acc\u00e9s per un tercer a les mateixes.<br \/>\n<strong>4.- PROPIETAT INTEL\u00b7LECTUAL I INDUSTRIAL<\/strong><br \/>\nAquest lloc web \u00e9s propietat del responsable.<br \/>\nL\u2019usuari reconeix que el responsable \u00e9s titular exclusiu o t\u00e9 la corresponent llic\u00e8ncia dels continguts d\u2019aquesta p\u00e0gina web, \u00e9s a dir, i a t\u00edtol merament enunciatiu, sobre els textos, missatges, els comentaris dels usuaris, fotografies, dissenys, logotips, codi font, gr\u00e0fics, imatges, dibuixos, \u00e0udio, v\u00eddeo, programes inform\u00e0tics, productes multim\u00e8dia, el \u201clook-and-feel\u201d, les marques, els noms comercials i signes distintius que apareixen en la mateixa.<br \/>\nL\u2019acc\u00e9s per l\u2019usuari a aquesta p\u00e0gina web no implica cap tipus de ren\u00fancia, transmissi\u00f3, cessi\u00f3 total o parcial o llic\u00e8ncia d\u2019aquests drets de propietat intel\u00b7lectual i industrial, ni li confereix cap dret d\u2019utilitzaci\u00f3, alteraci\u00f3, explotaci\u00f3, reproducci\u00f3, distribuci\u00f3, comunicaci\u00f3 p\u00fablica i transformaci\u00f3 sense la pr\u00e8via i expressa autoritzaci\u00f3 per escrit dels respectius titulars d\u2019aquests drets.<br \/>\nS\u2019autoritza a l\u2019usuari a accedir, visualitzar, imprimir, descarregar i emmagatzemar els continguts i\/o els elements inserits en el lloc web exclusivament per al seu \u00fas personal, privat i no lucratiu, aix\u00f2 \u00e9s, sense finalitats comercials, sempre que es mantingui la indicaci\u00f3 sobre l\u2019origen dels mateixos i el s\u00edmbol del copyright i\/o notes de propietat industrial dels seus titulars.<br \/>\nL\u2019enviament per part de l\u2019usuari d\u2019informacions al portal, tals com textos, fotografies, v\u00eddeos o altres continguts a trav\u00e9s del correu electr\u00f2nic, formularis o de qualsevol altre mitj\u00e0, implica per aquest simple fet l\u2019atorgament al responsable d\u2019una llic\u00e8ncia gratu\u00efta, amb car\u00e0cter no exclusiu, mundial i per tot el temps que permeti la legislaci\u00f3 vigent per utilitzar-les per qualsevol finalitat, incloent-hi, amb car\u00e0cter enumeratiu i no limitatiu, la reproducci\u00f3, la comunicaci\u00f3 p\u00fablica, la distribuci\u00f3, la transformaci\u00f3, la traducci\u00f3, la divulgaci\u00f3, el rebuig o l\u2019eliminaci\u00f3 de la informaci\u00f3, l\u2019edici\u00f3, la incorporaci\u00f3 a bases de dades, l\u2019explotaci\u00f3 comercial, en qualsevol format, mitj\u00e0 o tecnologia actualment coneguda o que puguin con\u00e8ixer en el futur, en tot o en part, de tals informacions o continguts, llic\u00e8ncia que permetr\u00e0 l\u2019autoritzaci\u00f3 per incorporar i comercialitzar aquests continguts en suports com CD-ROM, DVD, Internet, paper o altres formats. Igualment, l\u2019usuari atorga el dret a cedir o subllicenciar aquests drets a tercers de manera gratu\u00efta.<br \/>\nL\u2019usuari es fa responsable que les informacions i\/o continguts remesos no infringeixin drets de tercers ni vulnerin qualsevol norma, ni que es tracti d\u2019informaci\u00f3 secreta o confidencial i a m\u00e9s assumeixen l\u2019obligaci\u00f3 de mantenir el responsable i\/o els seus representants, socis, administradors, treballadors, etc. indemnes i lliures de tota responsabilitat que pogu\u00e9s derivar de l\u2019exercici d\u2019accions, judicials o no, que tinguessin la seva causa en la transgressi\u00f3 dels drets de tercers o de la legislaci\u00f3 vigent.<br \/>\nL\u2019usuari es compromet a no suprimir o alterar les mencions com a copyright, \u00a9, \u00ae i TM que apareixen a la p\u00e0gina web, en qualsevol dels materials que cont\u00e9, en qualsevol dels seus serveis o informaci\u00f3 obtinguts a trav\u00e9s dels mateixos, amb la finalitat d\u2019assegurar la protecci\u00f3 d\u2019aquests drets.<br \/>\n<strong>5.- <\/strong><strong>AV\u00cdS LEGAL <\/strong><strong>DE PROTECCI\u00d3 DE DADES CLIENTS DE <\/strong><strong>BENITO ARN\u00d3 E HIJOS, S.A.U.<\/strong><br \/>\nDes de l&#8217;entrada en vigor de l&#8217;actual Reglament que desenvolupa la Ley 15\/1999 de Protecci\u00f3 de Dades Personals, Real Decreto 1720\/2007 Art.2.2, les dades de contacte de persones en l&#8217;exercici de les seves funcions dins d&#8217;una empresa i\/o les dades d&#8217;empresaris individuals en el desenvolupament de la seva activitat no estan sota la protecci\u00f3 d&#8217;aquesta Llei.<br \/>\nEn el cas que el client actu\u00ef en qualitat de persona f\u00edsica, en compliment del deure d&#8217;Informaci\u00f3 estableix l&#8217;article 5 de la Ley 15\/1999 de Protecci\u00f3 de Dades Personals (en endavant LOPD), s&#8217;informa que les seves dades personals seran incorporades a un fitxer de dades de car\u00e0cter personal, de tractament mixt (Automatitzat i manual), que ha estat creat i anomenat <strong>&#8220;CLIENTS i\/o PROVE\u00cfDORS&#8221;<\/strong> degudament inscrit en l&#8217;Ag\u00e8ncia Espanyola de Protecci\u00f3 de Dades, i sota la responsabilitat de BENITO ARN\u00d3 E HIJOS, SAU, CIF A-25006834, amb la finalitat de GESTIONAR LA BASE DE DADES DELS CLIENTS DEL GRUP D&#8217;EMPRESES ARN\u00d3.<br \/>\nAix\u00ed mateix, l&#8217;afectat dels presents dades personals d\u00f3na el seu <strong>consentiment expr\u00e9s, per rebre publicitat i comunicacions comercials d&#8217;EMPRESES DEL GRUP ARN\u00d3<\/strong>, per tal d&#8217;informar-promocions i comunicacions publicit\u00e0ries dels serveis que presta el nostre grup d&#8217;empreses, en fidel compliment de que estableix la Llei de Protecci\u00f3 de Dades Personals, aix\u00ed com en la Llei de Serveis de la Informaci\u00f3 i Comer\u00e7 electr\u00f2nic en els termes de l&#8217;Art 21 per comunicacions comercials realitzades a trav\u00e9s de correu electr\u00f2nic o mitjans de comunicacions electr\u00f2niques equivalents. Igualment, d\u00f3na el seu consentiment expr\u00e9s per a la cessi\u00f3 de les seves dades personals, informant-li que les seves dades podran ser comunicades a les empreses del GRUP ARN\u00d3, amb la finalitat de GESTIONAR LA BASE DE DADES DELS CLIENTS DEL GRUP D&#8217;EMPRESES ARN\u00d3. <strong>En cas contrari<\/strong>, quan vulgui no donar el seu consentiment expr\u00e9s per a les finalitats esmentades, <strong>exerciti el seu dret d&#8217;oposici\u00f3<\/strong> seguint el procediment indicat en l&#8217;\u00faltim par\u00e0graf de la seg\u00fcent cl\u00e0usula.<br \/>\nEn seguiment dels articles 15,16,17 de la LOPD, se l&#8217;informa que pot exercitar els drets d&#8217;ACC\u00c9S, RECTIFICACI\u00d3, CANCEL\u00b7LACI\u00d3 I OPOSICI\u00d3 (DRETS ARC), per un motiu leg\u00edtim i fundat, mitjan\u00e7ant correu electr\u00f2nic amb &#8220;Assumpte: LOPD BENITO ARN\u00d3 e HIJOS &#8221; i sol\u00b7licitant confirmaci\u00f3 de lectura, dirigit a &#8220;<a href=\"mailto:rgpd@arno.es\" target=\"_blank\" rel=\"noopener noreferrer\">rgpd@arno.es<\/a>&#8220;; o b\u00e9 mitjan\u00e7ant qualsevol altre mitj\u00e0 que permeti acreditar l&#8217;enviament a &#8220;BENITO ARN\u00d3 E HIJOS, S.A.U., Pla\u00e7a de l&#8217;Ensenyan\u00e7a, 1, baixos; Lleida (CP 25002)&#8221; i la recepci\u00f3 de la seva sol\u00b7licitud; sempre i independentment del mitj\u00e0 utilitzat, <strong>indicant el dret que vol exercir<\/strong> (Acc\u00e9s, rectificaci\u00f3, cancel\u00b7laci\u00f3, oposici\u00f3) -documents acreditatius de la petici\u00f3 que formula: nom i cognoms de l&#8217;interessat, direcci\u00f3 a efecte de notificacions, data i signatura del sol\u00b7licitant, fotoc\u00f2pia del seu DNI o un altre document v\u00e0lid que l&#8217;identifiqui, i si escau de la persona que el representi. La utilitzaci\u00f3 de signatura electr\u00f2nica identificativa, l&#8217;eximeix de la presentaci\u00f3 de la fotoc\u00f2pia del DNI o document equivalent. No obstant aix\u00f2, davant de qualsevol dubte en el procediment per exercir els seus drets, pot dirigir-se a abogados@alia-iuris.es, indicant que \u00e9s CLIENT de GRUP ARN\u00d3.<br \/>\n<strong>\u00a0<\/strong><br \/>\n<strong>6.- POL\u00cdTICA D\u2019\u00daS DE COOKIES<\/strong><br \/>\n&#8211; Qu\u00e8 s\u00f3n les cookies i com funcionen<br \/>\nUna cookie \u00e9s un fitxer que es descarrega en el seu ordinador en accedir a determinades p\u00e0gines web. Les cookies permeten a una p\u00e0gina web, entre altres coses, emmagatzemar i recuperar informaci\u00f3 sobre els h\u00e0bits de navegaci\u00f3 d&#8217;un usuari o del seu equip i, depenent de la informaci\u00f3 que continguin i de la forma en qu\u00e8 utilitzi el seu equip, poden utilitzar-se per recon\u00e8ixer a l&#8217;usuari.<br \/>\n&#8211; Deure d\u2019informaci\u00f3<br \/>\nEn tractar-se de cookies que permeten \u00fanicament la comunicaci\u00f3 entre l&#8217;equip de l&#8217;usuari i la xarxa i estrictament prestar un servei expressament sol\u00b7licitat per l&#8217;usuari, queda exceptuada l&#8217;obligaci\u00f3 de &#8220;informaci\u00f3&#8221; arreglo a l&#8217;\u00faltim par\u00e0graf de l&#8217;Art.22 LSSI, no sent necessari informar sobre el seu \u00fas.<br \/>\nNo obstant aix\u00f2, es posa en coneixement de l&#8217;usuari la utilitzaci\u00f3 de dispositius d&#8217;emmagatzematge i recuperaci\u00f3 de dades, pr\u00f2pies; en particular, cookies t\u00e8cniques.<br \/>\nLa fi del tractament de les dades conformement als disposat en la Llei Org\u00e0nica 15\/1999, de 13 de desembre, de protecci\u00f3 de dades de car\u00e0cter personal, \u00e9s l&#8217;especificat en l&#8217;apartat &#8220;Finalitats&#8221; del tipus de cookies, per a l&#8217;\u00fas que els \u00e9s propi.<br \/>\n&#8211; Tipus de cookies que utilitza aquesta web : cookies t\u00e8cniques<br \/>\nBENITO ARN\u00d3 I FILLS, S.A.O com a Titular del Portal utilitza exclusivament aquest tipus de cookies. S\u00f3n cookies pr\u00f2pies.<br \/>\nFinalitats: permeten identificar la sessi\u00f3 i l&#8217;usuari registrat, elaboraci\u00f3 d&#8217;estad\u00edstiques i funcionament de diverses opcions de la web. S\u00f3n cookies t\u00e8cniques imprescindibles per al correcte funcionament de la nostra web.<br \/>\n&#8211; Sol\u00b7licitud de consentiment<br \/>\nEn tractar-se de cookies que permeten \u00fanicament la comunicaci\u00f3 entre l&#8217;equip de l&#8217;usuari i la xarxa i estrictament prestar un servei expressament sol\u00b7licitat per l&#8217;usuari, queda exceptuada l&#8217;obligaci\u00f3 de sol\u00b7licitud de &#8220;consentiment&#8221; arreglo a l&#8217;\u00faltim par\u00e0graf de l&#8217;Art.22 LSSI, no sent necessari obtenir el consentiment sobre el seu \u00fas.<br \/>\nNo obstant aix\u00f2, l&#8217;usuari, per a l&#8217;aclariment de qualsevol d&#8217;aquests termes, pot dirigir-se a <a href=\"mailto:arno@arno.es\" target=\"_blank\" rel=\"noopener noreferrer\">arno@arno.es<\/a>, indicant que \u00e9s &#8220;Client de BENITO ARN\u00d3 E HIJOS, S.A.U&#8221;.<br \/>\n<strong>7.- LLEI DE SERVEIS DE LA SOCIETAT DE LA INFORMACI\u00d3<\/strong><br \/>\nEl responsable posa a disposici\u00f3 dels usuaris enlla\u00e7os a efectes purament informatius, per\u00f2 sense que conegui, controli, avali o recomani els continguts, productes o serveis facilitats pels llocs web als quals s\u2019estableixen enlla\u00e7os.<br \/>\nPer aix\u00f2 el responsable no assumeix cap responsabilitat per qualsevol aspecte relatiu a la p\u00e0gina web a la qual s\u2019estableix un enlla\u00e7 des d\u2019aquest lloc web.<br \/>\nQualsevol persona que vulgui incloure dins de la seva p\u00e0gina web un enlla\u00e7 o link cap al lloc web del responsable haur\u00e0 de complir les condicions seg\u00fcents:<br \/>\n1.- el\u00a0link\u00a0nom\u00e9s es permetr\u00e0 a la p\u00e0gina d\u2019inici, \u00e9s a dir www.arno.es. Queden prohibits els\u00a0links\u00a0profunds i els\u00a0frames.<br \/>\n2.- no es realitzaran amb l\u2019enlla\u00e7 manifestacions o indicacions falses, incorrectes o denigrants, ni contr\u00e0ries a la llei, la moral o els bons costums, sobre el responsable, els seus directius, els seus empleats, els seus productes, etc.<br \/>\n3.- no s\u2019autoritzen enlla\u00e7os des de p\u00e0gines que incloguin continguts il\u00b7l\u00edcits o il\u00b7legals, manifestacions racistes, degradants, etc.<br \/>\n4.- l\u2019establiment del link no suposa que entre el responsable i el titular de la p\u00e0gina web en qu\u00e8 s\u2019estableixi hi hagi algun tipus de vincle o de relaci\u00f3 jur\u00eddica.<br \/>\n5.- el responsable del web no ser\u00e0 responsable dels continguts o serveis oferts al web des del qual es realitza el link.<br \/>\n<strong>8.- RESPONSABILITAT<\/strong><br \/>\nL\u2019usuari accepta que l\u2019\u00fas del portal, dels continguts i\/o dels serveis es du a terme sota la seva \u00fanica i exclusiva responsabilitat i que el responsable no garanteix que la informaci\u00f3 sigui exacta, completa i actualitzada, ni tampoc sobre la disponibilitat i continu\u00eftat del funcionament del mateix, ni dels continguts i\/o serveis que s\u2019hi incorporen, ni controla ni garanteix l\u2019abs\u00e8ncia de virus ni d\u2019altres elements que puguin produir alteracions en el seu sistema inform\u00e0tic o en els documents electr\u00f2nics i fitxers emmagatzemats al seu sistema inform\u00e0tic.<br \/>\nEl responsable del lloc web exclou, amb tota l\u2019extensi\u00f3 permesa per l\u2019ordenament jur\u00eddic, qualsevol responsabilitat pels danys i perjudicis de tota naturalesa que es puguin deure a la informaci\u00f3 del portal i a la falta de disponibilitat o de continu\u00eftat del funcionament del portal i dels continguts i\/o serveis que s\u2019hi incorporen.<br \/>\n<strong>9.- INTERRUPCI\u00d3, SUSPENSI\u00d3 I CANCEL\u00b7LACI\u00d3<\/strong><br \/>\nEl responsable realitzar\u00e0 tots els esfor\u00e7os raonables per garantir l\u2019accessibilitat i disponibilitat del portal durant tots els dies de l\u2019any. No obstant aix\u00f2, es reserva el dret a alterar, eliminar, interrompre, suspendre i\/o cancel\u00b7lar l\u2019acc\u00e9s, els serveis i\/o els continguts del portal sense necessitat de preav\u00eds i en qualsevol moment.<br \/>\n<strong>10.- LLEI APLICABLE I JURISDICCI\u00d3<\/strong><br \/>\nLes presents condicions estan redactades en espanyol, i es troben sotmeses a la legislaci\u00f3 espanyola vigent. Per a qualsevol tipus de controv\u00e8rsia derivada de la utilitzaci\u00f3 dels serveis oferts o dels continguts propis del portal, les parts, amb l&#8217;acceptaci\u00f3 d&#8217;aquestes Condicions d&#8217;\u00das, a l&#8217;encal\u00e7 de l&#8217;Art.32 i Disposici\u00f3 Addicional Tercera de la Llei 34\/2002, d&#8217;11 de juliol, de Serveis de la Societat de la Informaci\u00f3 i de Comer\u00e7 Electr\u00f2nic, sotmetran els seus conflictes a Sistema Arbitral de Consum.<br \/>\n\u00a9 Benito Arn\u00f3 e Hijos, S.A.U, 2017, Lleida. Tots els drets reservats.<\/p>\n<\/div><\/div><\/div><\/div><\/div>\n","protected":false},"excerpt":{"rendered":"","protected":false},"author":11,"featured_media":0,"parent":0,"menu_order":0,"comment_status":"closed","ping_status":"closed","template":"100-width.php","meta":{"footnotes":""},"class_list":["post-19406","page","type-page","status-publish","hentry"],"yoast_head":"<!-- This site is optimized with the Yoast SEO plugin v27.4 - https:\/\/yoast.com\/product\/yoast-seo-wordpress\/ -->\n<title>Aviso Legal - Benito Arn\u00f3<\/title>\n<meta name=\"description\" content=\"Aviso Legal -\" \/>\n<meta name=\"robots\" content=\"index, follow, max-snippet:-1, max-image-preview:large, max-video-preview:-1\" \/>\n<link rel=\"canonical\" href=\"https:\/\/www.arno.es\/ca\/aviso-legal\/\" \/>\n<meta property=\"og:locale\" content=\"ca_ES\" \/>\n<meta property=\"og:type\" content=\"article\" \/>\n<meta property=\"og:title\" content=\"Aviso Legal - Benito Arn\u00f3\" \/>\n<meta property=\"og:description\" content=\"Aviso Legal -\" \/>\n<meta property=\"og:url\" content=\"https:\/\/www.arno.es\/ca\/aviso-legal\/\" \/>\n<meta property=\"og:site_name\" content=\"Benito Arn\u00f3\" \/>\n<meta property=\"article:publisher\" content=\"https:\/\/www.facebook.com\/BenitoArno\/\" \/>\n<meta property=\"article:modified_time\" content=\"2016-12-27T10:56:37+00:00\" \/>\n<meta name=\"twitter:card\" content=\"summary_large_image\" \/>\n<meta name=\"twitter:site\" content=\"@benito_arno\" \/>\n<meta name=\"twitter:label1\" content=\"Temps estimat de lectura\" \/>\n\t<meta name=\"twitter:data1\" content=\"14 minuts\" \/>\n<script type=\"application\/ld+json\" class=\"yoast-schema-graph\">{\"@context\":\"https:\\\/\\\/schema.org\",\"@graph\":[{\"@type\":\"WebPage\",\"@id\":\"https:\\\/\\\/www.arno.es\\\/ca\\\/aviso-legal\\\/\",\"url\":\"https:\\\/\\\/www.arno.es\\\/ca\\\/aviso-legal\\\/\",\"name\":\"Aviso Legal - Benito Arn\u00f3\",\"isPartOf\":{\"@id\":\"https:\\\/\\\/www.arno.es\\\/ca\\\/#website\"},\"datePublished\":\"2016-12-27T09:56:37+00:00\",\"dateModified\":\"2016-12-27T10:56:37+00:00\",\"description\":\"Aviso Legal -\",\"breadcrumb\":{\"@id\":\"https:\\\/\\\/www.arno.es\\\/ca\\\/aviso-legal\\\/#breadcrumb\"},\"inLanguage\":\"ca\",\"potentialAction\":[{\"@type\":\"ReadAction\",\"target\":[\"https:\\\/\\\/www.arno.es\\\/ca\\\/aviso-legal\\\/\"]}]},{\"@type\":\"BreadcrumbList\",\"@id\":\"https:\\\/\\\/www.arno.es\\\/ca\\\/aviso-legal\\\/#breadcrumb\",\"itemListElement\":[{\"@type\":\"ListItem\",\"position\":1,\"name\":\"Portada\",\"item\":\"https:\\\/\\\/www.arno.es\\\/ca\\\/\"},{\"@type\":\"ListItem\",\"position\":2,\"name\":\"Aviso Legal\"}]},{\"@type\":\"WebSite\",\"@id\":\"https:\\\/\\\/www.arno.es\\\/ca\\\/#website\",\"url\":\"https:\\\/\\\/www.arno.es\\\/ca\\\/\",\"name\":\"Benito Arn\u00f3\",\"description\":\"[:es]Construcci\u00f3n y servicios[:ca]Construcci\u00f3 i serveis[:]\",\"publisher\":{\"@id\":\"https:\\\/\\\/www.arno.es\\\/ca\\\/#organization\"},\"potentialAction\":[{\"@type\":\"SearchAction\",\"target\":{\"@type\":\"EntryPoint\",\"urlTemplate\":\"https:\\\/\\\/www.arno.es\\\/ca\\\/?s={search_term_string}\"},\"query-input\":{\"@type\":\"PropertyValueSpecification\",\"valueRequired\":true,\"valueName\":\"search_term_string\"}}],\"inLanguage\":\"ca\"},{\"@type\":\"Organization\",\"@id\":\"https:\\\/\\\/www.arno.es\\\/ca\\\/#organization\",\"name\":\"Benito Arn\u00f3 e Hijos\",\"url\":\"https:\\\/\\\/www.arno.es\\\/ca\\\/\",\"logo\":{\"@type\":\"ImageObject\",\"inLanguage\":\"ca\",\"@id\":\"https:\\\/\\\/www.arno.es\\\/ca\\\/#\\\/schema\\\/logo\\\/image\\\/\",\"url\":\"https:\\\/\\\/www.arno.es\\\/wp-content\\\/uploads\\\/2018\\\/10\\\/ARNO-Logo-web-1.png\",\"contentUrl\":\"https:\\\/\\\/www.arno.es\\\/wp-content\\\/uploads\\\/2018\\\/10\\\/ARNO-Logo-web-1.png\",\"width\":186,\"height\":75,\"caption\":\"Benito Arn\u00f3 e Hijos\"},\"image\":{\"@id\":\"https:\\\/\\\/www.arno.es\\\/ca\\\/#\\\/schema\\\/logo\\\/image\\\/\"},\"sameAs\":[\"https:\\\/\\\/www.facebook.com\\\/BenitoArno\\\/\",\"https:\\\/\\\/x.com\\\/benito_arno\",\"https:\\\/\\\/www.instagram.com\\\/benito_arno\\\/\",\"https:\\\/\\\/www.linkedin.com\\\/company\\\/benitoarno\",\"https:\\\/\\\/www.youtube.com\\\/c\\\/benitoarno\"]}]}<\/script>\n<!-- \/ Yoast SEO plugin. -->","yoast_head_json":{"title":"Aviso Legal - Benito Arn\u00f3","description":"Aviso Legal -","robots":{"index":"index","follow":"follow","max-snippet":"max-snippet:-1","max-image-preview":"max-image-preview:large","max-video-preview":"max-video-preview:-1"},"canonical":"https:\/\/www.arno.es\/ca\/aviso-legal\/","og_locale":"ca_ES","og_type":"article","og_title":"Aviso Legal - Benito Arn\u00f3","og_description":"Aviso Legal -","og_url":"https:\/\/www.arno.es\/ca\/aviso-legal\/","og_site_name":"Benito Arn\u00f3","article_publisher":"https:\/\/www.facebook.com\/BenitoArno\/","article_modified_time":"2016-12-27T10:56:37+00:00","twitter_card":"summary_large_image","twitter_site":"@benito_arno","twitter_misc":{"Temps estimat de lectura":"14 minuts"},"schema":{"@context":"https:\/\/schema.org","@graph":[{"@type":"WebPage","@id":"https:\/\/www.arno.es\/ca\/aviso-legal\/","url":"https:\/\/www.arno.es\/ca\/aviso-legal\/","name":"Aviso Legal - Benito Arn\u00f3","isPartOf":{"@id":"https:\/\/www.arno.es\/ca\/#website"},"datePublished":"2016-12-27T09:56:37+00:00","dateModified":"2016-12-27T10:56:37+00:00","description":"Aviso Legal -","breadcrumb":{"@id":"https:\/\/www.arno.es\/ca\/aviso-legal\/#breadcrumb"},"inLanguage":"ca","potentialAction":[{"@type":"ReadAction","target":["https:\/\/www.arno.es\/ca\/aviso-legal\/"]}]},{"@type":"BreadcrumbList","@id":"https:\/\/www.arno.es\/ca\/aviso-legal\/#breadcrumb","itemListElement":[{"@type":"ListItem","position":1,"name":"Portada","item":"https:\/\/www.arno.es\/ca\/"},{"@type":"ListItem","position":2,"name":"Aviso Legal"}]},{"@type":"WebSite","@id":"https:\/\/www.arno.es\/ca\/#website","url":"https:\/\/www.arno.es\/ca\/","name":"Benito Arn\u00f3","description":"[:es]Construcci\u00f3n y servicios[:ca]Construcci\u00f3 i serveis[:]","publisher":{"@id":"https:\/\/www.arno.es\/ca\/#organization"},"potentialAction":[{"@type":"SearchAction","target":{"@type":"EntryPoint","urlTemplate":"https:\/\/www.arno.es\/ca\/?s={search_term_string}"},"query-input":{"@type":"PropertyValueSpecification","valueRequired":true,"valueName":"search_term_string"}}],"inLanguage":"ca"},{"@type":"Organization","@id":"https:\/\/www.arno.es\/ca\/#organization","name":"Benito Arn\u00f3 e Hijos","url":"https:\/\/www.arno.es\/ca\/","logo":{"@type":"ImageObject","inLanguage":"ca","@id":"https:\/\/www.arno.es\/ca\/#\/schema\/logo\/image\/","url":"https:\/\/www.arno.es\/wp-content\/uploads\/2018\/10\/ARNO-Logo-web-1.png","contentUrl":"https:\/\/www.arno.es\/wp-content\/uploads\/2018\/10\/ARNO-Logo-web-1.png","width":186,"height":75,"caption":"Benito Arn\u00f3 e Hijos"},"image":{"@id":"https:\/\/www.arno.es\/ca\/#\/schema\/logo\/image\/"},"sameAs":["https:\/\/www.facebook.com\/BenitoArno\/","https:\/\/x.com\/benito_arno","https:\/\/www.instagram.com\/benito_arno\/","https:\/\/www.linkedin.com\/company\/benitoarno","https:\/\/www.youtube.com\/c\/benitoarno"]}]}},"_links":{"self":[{"href":"https:\/\/www.arno.es\/ca\/wp-json\/wp\/v2\/pages\/19406","targetHints":{"allow":["GET"]}}],"collection":[{"href":"https:\/\/www.arno.es\/ca\/wp-json\/wp\/v2\/pages"}],"about":[{"href":"https:\/\/www.arno.es\/ca\/wp-json\/wp\/v2\/types\/page"}],"author":[{"embeddable":true,"href":"https:\/\/www.arno.es\/ca\/wp-json\/wp\/v2\/users\/11"}],"replies":[{"embeddable":true,"href":"https:\/\/www.arno.es\/ca\/wp-json\/wp\/v2\/comments?post=19406"}],"version-history":[{"count":0,"href":"https:\/\/www.arno.es\/ca\/wp-json\/wp\/v2\/pages\/19406\/revisions"}],"wp:attachment":[{"href":"https:\/\/www.arno.es\/ca\/wp-json\/wp\/v2\/media?parent=19406"}],"curies":[{"name":"wp","href":"https:\/\/api.w.org\/{rel}","templated":true}]}}