{"id":19410,"date":"2018-07-12T13:12:23","date_gmt":"2018-07-12T11:12:23","guid":{"rendered":"https:\/\/www.arno.es\/proteccion-de-datos-de-proveedores\/"},"modified":"2018-07-12T13:12:23","modified_gmt":"2018-07-12T13:12:23","slug":"proteccion-de-datos-de-proveedores","status":"publish","type":"page","link":"https:\/\/www.arno.es\/ca\/proteccion-de-datos-de-proveedores\/","title":{"rendered":"Protecci\u00f3n de datos de proveedores"},"content":{"rendered":"<div class=\"fusion-fullwidth fullwidth-box fusion-builder-row-1 fusion-flex-container nonhundred-percent-fullwidth non-hundred-percent-height-scrolling\" style=\"--awb-border-radius-top-left:0px;--awb-border-radius-top-right:0px;--awb-border-radius-bottom-right:0px;--awb-border-radius-bottom-left:0px;--awb-flex-wrap:wrap;\" ><div class=\"fusion-builder-row fusion-row fusion-flex-align-items-flex-start fusion-flex-content-wrap\" style=\"max-width:1216.8px;margin-left: calc(-4% \/ 2 );margin-right: calc(-4% \/ 2 );\"><div class=\"fusion-layout-column fusion_builder_column fusion-builder-column-0 fusion_builder_column_1_1 1_1 fusion-flex-column\" style=\"--awb-bg-size:cover;--awb-width-large:100%;--awb-margin-top-large:0px;--awb-spacing-right-large:1.92%;--awb-margin-bottom-large:0px;--awb-spacing-left-large:1.92%;--awb-width-medium:100%;--awb-spacing-right-medium:1.92%;--awb-spacing-left-medium:1.92%;--awb-width-small:100%;--awb-spacing-right-small:1.92%;--awb-spacing-left-small:1.92%;\"><div class=\"fusion-column-wrapper fusion-flex-justify-content-flex-start fusion-content-layout-column\"><div class=\"fusion-text fusion-text-1\"><p><strong>INFORMACI\u00d3 B\u00c0SICA SOBRE PROTECCI\u00d3 DE<\/strong> <strong>DADES<\/strong> en base a l&#8217;Article 13 del Reglament (UE) 2016\/679 del Parlament Europeu i del Consell, de 27 d&#8217;abril de 2016, relatiu a la protecci\u00f3 de les persones f\u00edsiques pel que fa al tractament de dades personals i a la lliure circulaci\u00f3 d&#8217;aquestes dades i pel qual es deroga la Directiva 95\/46 \/ CE (d&#8217;ara endavant &#8220;RGPD&#8221;)<br \/>\n<strong>Responsable del tractament: GRUP ARN\u00d3<\/strong><br \/>\n<strong>Finalitat del tractament:<\/strong> GESTIONAR LA BASE DE DADES DELS PROVEIDORS DEL GRUP D&#8217;EMPRESES ARN\u00d3 PER AL CONTROL DE QUALITAT DE PRESTACI\u00d3 DE SERVEIS PER A LES EMPRESES DEL GRUP.<br \/>\n<strong>Legitimaci\u00f3:<\/strong> En base a l&#8217;Article 6 RGPD, la legitimaci\u00f3 pel tractament de les seves dades personals L&#8217;EXIST\u00c8NCIA D&#8217;UN CONTRACTE.<br \/>\n<strong>Destinataris:<\/strong> LES EMPRESES DEL GRUP ARN\u00d3. No es cedeixen dades a tercers, excepte obligaci\u00f3 legal. Aix\u00ed mateix, no es realitzaran transfer\u00e8ncies internacionals de dades personals.<br \/>\n<strong>Drets:<\/strong> Vost\u00e8, com a persona interessada respecte al tractament de les seves dades personals per part de GRUP ARN\u00d3, pot accedir, rectificar o suprimir les dades, sol\u00b7licitar la portabilitat dels mateixos, oposar-se al tractament (Dret a l&#8217;oblit) i sol\u00b7licitar la limitaci\u00f3 d&#8217;aquest.<br \/>\n<strong>Categories de dades:<\/strong> Les dades que tractarem NO PERTANYEN A CATEGORIES ESPECIALS.<br \/>\n<strong>INFORMACI\u00d3 ADICIONAL <\/strong>(En complement de la \u201cINFORMACI\u00d3 B\u00c0SICA SOBRE PROTECCI\u00d3 DE DADES\u201d)<br \/>\n<strong>Responsables: <\/strong>S\u00f3n Corresponsables del Fitxer (Art. 26 RGPD) les seg\u00fcents empreses del GRUP ARN\u00d3<\/p>\n<table width=\"0\">\n<tbody>\n<tr>\n<td><strong>EMPRESA DEL GRUP<\/strong><\/td>\n<td><strong>SEU SOCIAL <\/strong><\/td>\n<td width=\"87\"><strong>CIF\/ NIF<\/strong><\/td>\n<\/tr>\n<tr>\n<td>ALFARNO, S.L<\/td>\n<td>Pla\u00e7a de l\u2019Ensenyan\u00e7a, 1, baixos; Lleida (CP 25002)<\/td>\n<td width=\"87\">B-25592858<\/td>\n<\/tr>\n<tr>\n<td>BENITO ARN\u00d3 E HIJOS, S.A.U<\/td>\n<td>Pla\u00e7a de l\u2019Ensenyan\u00e7a, 1, baixos; Lleida (CP 25002)<\/td>\n<td width=\"87\">A-25006834<\/td>\n<\/tr>\n<tr>\n<td>BALNI, S.A<\/td>\n<td>Ctra. Nacional, 230, S\/n; 25123 Torrefarrera<\/td>\n<td width=\"87\">A-25020652<\/td>\n<\/tr>\n<tr>\n<td>ARN\u00d3 INFRAESTRUCTURAS, S.L.U.<\/td>\n<td>Pla\u00e7a de l\u2019Ensenyan\u00e7a, 1, baixos; Lleida (CP 25002)<\/td>\n<td width=\"87\">B-25303611<\/td>\n<\/tr>\n<tr>\n<td>PAVIMENTOS, CONSTRUCCIONES Y ARIDOS, S.L<\/td>\n<td>Cantera Soriana, s\/n; Estopi\u00f1an del Castillo-Huesca (CP 22589)<\/td>\n<td width=\"87\">B-22175350<\/td>\n<\/tr>\n<tr>\n<td>SIMA 2000 S.L<\/td>\n<td>Pla\u00e7a de l\u2019Ensenyan\u00e7a, 1, baixos; Lleida (CP 25002)<\/td>\n<td width=\"87\">B-22185771<\/td>\n<\/tr>\n<tr>\n<td>ARN\u00d3 EMPRESA TRANSPORTISTA, S.L.U<\/td>\n<td>Ctra. Tamarite, 3-13; Alfarr\u00e0s-Lleida (CP 25120)<\/td>\n<td width=\"87\">B-25447228<\/td>\n<\/tr>\n<tr>\n<td>ARN\u00d3 CONCESIONES, S.L.U<\/td>\n<td>Pla\u00e7a de l\u2019Ensenyan\u00e7a, 1, baixos; Lleida (CP 25002)<\/td>\n<td width=\"87\">B-25612482<\/td>\n<\/tr>\n<tr>\n<td>ESCOLA BRESSOL SOCIETAT CONCESSIONARIA DE L\u2019AJUNTAMENT DE LLEIDA, S.A<\/td>\n<td>Pla\u00e7a de l\u2019Ensenyan\u00e7a, 1, baixos; Lleida (CP 25002)<\/td>\n<td width=\"87\">A25617457<\/td>\n<\/tr>\n<tr>\n<td>ARN\u00d3 FITNESS, S.L.U<\/td>\n<td>Pla\u00e7a de l\u2019Ensenyan\u00e7a, 1, baixos; Lleida (CP 25002)<\/td>\n<td width=\"87\">B-25599051<\/td>\n<\/tr>\n<tr>\n<td>ARCIMER, S.L.U.<\/td>\n<td>Pla\u00e7a de l\u2019Ensenyan\u00e7a, 1, baixos; Lleida (CP 25002)<\/td>\n<td width=\"87\">B-25797929<\/td>\n<\/tr>\n<tr>\n<td>AGR\u00d3NOMS FREE, S.L<\/td>\n<td>Pla\u00e7a de l\u2019Ensenyan\u00e7a, 1, baixos; Lleida (CP 25002)<\/td>\n<td width=\"87\">B-25733239<\/td>\n<\/tr>\n<tr>\n<td>AUBARES 17, S.L<\/td>\n<td>Pla\u00e7a de l\u2019Ensenyan\u00e7a, 1, baixos; Lleida (CP 25002)<\/td>\n<td width=\"87\">B-25733254<\/td>\n<\/tr>\n<tr>\n<td>AUBARES 29, S.L<\/td>\n<td>Pla\u00e7a de l\u2019Ensenyan\u00e7a, 1, baixos; Lleida (CP 25002)<\/td>\n<td width=\"87\">B-25733213<\/td>\n<\/tr>\n<tr>\n<td>CELLER LAGRAVERA, S.L<\/td>\n<td>Ctra. Tamarite, 3-13; Alfarr\u00e0s-Lleida (CP 25120)<\/td>\n<td width=\"87\">B-25605536<\/td>\n<\/tr>\n<tr>\n<td>LAGRAVERA, S.L<\/td>\n<td>Ctra. de Tamarite, 3-13; Alfarr\u00e0s (CP 25120)<\/td>\n<td width=\"87\">B- 25700386<\/td>\n<\/tr>\n<tr>\n<td>CASSIA RESTAURACI\u00d3, S.L<\/td>\n<td>Av. Rovira Roure, 43; Lleida (CP 25006)<\/td>\n<td width=\"87\">B-25631862<\/td>\n<\/tr>\n<\/tbody>\n<\/table>\n<p><strong>Amb quina finalitat tractem les seves dades personals?<\/strong><br \/>\nA <strong>GRUPO ARN\u00d3<\/strong>,\u00a0tractem la informaci\u00f3 que ens faciliten els interessats amb la finalitat d\u2019atendre sol\u00b7licituds d\u2019informaci\u00f3 sobre els serveis i productes de les empreses del grup. Aix\u00ed mateix, per a gestionar i controlar la nostra cartera de clients que contracten els nostres serveis o adquireixen els nostres productes.<br \/>\nLes seves dades no pertanyen a cap de les categories especials que recull el Reglament i per aix\u00f2 no necessita mesures addicionals.<br \/>\n<strong>Quan temps conservem les seves dades?<\/strong><br \/>\nLes dades personals proporcionats es conservaran, si no indiquen lo contrari, fins la finalitzaci\u00f3 de la relaci\u00f3 comercial.<br \/>\n<strong>Qual es la legitimaci\u00f3 per al tractament de les seves dades?<\/strong><br \/>\nLa base legal per al tractament de les seves dades personals \u00e9s l\u2019execuci\u00f3 d\u2019un pre-contracte (Informaci\u00f3 de serveis i productes de qualsevol de les empreses del <strong>GRUP ARN\u00d3<\/strong>) o contracte mercantil (Regulaci\u00f3 de la prestaci\u00f3 de serveis o adquisici\u00f3 de productes de qualsevols de les empreses del <strong>GRUP ARN\u00d3<\/strong>) en qu\u00e8 l\u2019interessat sigui part.<br \/>\nVost\u00e8 t\u00e9 la possibilitat de retirar el consentiment per al tractament de les seves dades en qualsevol moment.<br \/>\n<strong>A qui se\u2019ls comunicaran les seves dades?<\/strong><br \/>\nLes dades es comunicaran a les empreses del grup que apareixen al apartat \u201cResponsables\u201d.<br \/>\n<strong>Quals s\u00f3n els seus drets?<\/strong><\/p>\n<ul>\n<li>Qualsevol persona t\u00e9 dret a obtenir confirmaci\u00f3 sobre si GRUPO ARN\u00d3 estem tracten dades personals que els concerneixen, o no.<\/li>\n<\/ul>\n<ul>\n<li>Les persones interessades tenen dret a accedir a les seves dades personals, aix\u00ed com a sol\u00b7licitar la rectificaci\u00f3 de les dades inexactes o, al seu cas, sol\u00b7licitar l\u2019eliminaci\u00f3 quan, entre altres motius, les dades ja no siguin necessaris per a la finalitat per la qual van ser recollits.<\/li>\n<li>En determinades circumst\u00e0ncies previstes a l\u2019article 18 RGPD, els interessats poden sol\u00b7licitar la limitaci\u00f3 del tractament de les seves dades, caso en el qual \u00fanicament els conservarem per a l\u2019exercici o la defensa de reclamacions.<\/li>\n<li>Els interessats podran oposar-se al tractament de les seves dades amb finalitat de m\u00e0rqueting, inclosa l\u2019elaboraci\u00f3 de perfils. GRUP ARN\u00d3 deixar\u00e0 de tractar les dades, excepte per motius leg\u00edtims imperiosos o l\u2019exercici o la defensa de possibles reclamacions.<\/li>\n<\/ul>\n<ul>\n<li>En virtut del dret a la portabilitat, vost\u00e8 com a interessat t\u00e9 dret a obtenir les dades personals que li incumbeixen en un format estructurat d&#8217;\u00fas com\u00fa i lectura mec\u00e0nica i a transmetre&#8217;ls a un altre responsable.<\/li>\n<\/ul>\n<p><strong>Com es poden exercir els drets?<\/strong><br \/>\nMitjan\u00e7ant un escrit dirigit a <strong>GRUPO ARN\u00d3, BENITO ARN\u00d3 E HIJOS, S.A.U<\/strong><br \/>\nPla\u00e7a de l\u2019Ensenyan\u00e7a, 1, baixos<br \/>\nLleida (CP 25002)<br \/>\nCorreu electr\u00f2nic a: <a href=\"mailto:rgpd@arno.es\" target=\"_blank\" rel=\"noopener noreferrer\">rgpd@arno.es<\/a><br \/>\n<strong>Delegada de Protecci\u00f3 de Dades:<\/strong><br \/>\nGisel Clos<br \/>\nCorreu electr\u00f2nic: <a href=\"mailto:gclos@arno.es\" target=\"_blank\" rel=\"noopener noreferrer\">gclos@arno.es<\/a><br \/>\n<strong>Quines vies de reclamaci\u00f3 existeixen?<\/strong><br \/>\nSi vost\u00e8 considera que els seus drets no han sigut atesos de manera adequada t\u00e9 dret a presentar una reclamaci\u00f3 davant:<br \/>\nAG\u00c8NCIA ESPANYOLA DE PROTECCI\u00d3 DE DADES<br \/>\nCarrer de Jorge Juan, 6, 28001 Madrid<br \/>\nWEB: <a href=\"http:\/\/www.agpd.es\" target=\"_blank\" rel=\"noopener\">www.agpd.es<\/a><br \/>\nTel\u00e8fon: 912 66 35 117<br \/>\n<strong>Quines categories de dades tractem?<\/strong><br \/>\nTractem dades que estan inclosos en la categoria especials de dades.<br \/>\n<strong>Com hem obtingut les seves dades?<\/strong><br \/>\nLes dades personals que tractem procedeixen d\u2019una cessi\u00f3 leg\u00edtima mitjan\u00e7ant qualsevol de les empreses del nostre grup a les quals vost\u00e8 hagi sol\u00b7licitat informaci\u00f3 per la web <a href=\"https:\/\/www.arno.es\/?lang=ca\">www.arno.es<\/a> o hagi contractat serveis o adquirit productes (Veure apartat \u201cResponsables\u201d).<\/p>\n<\/div><\/div><\/div><\/div><\/div>\n","protected":false},"excerpt":{"rendered":"","protected":false},"author":11,"featured_media":0,"parent":0,"menu_order":0,"comment_status":"closed","ping_status":"closed","template":"100-width.php","meta":{"footnotes":""},"class_list":["post-19410","page","type-page","status-publish","hentry"],"yoast_head":"<!-- This site is optimized with the Yoast SEO plugin v27.4 - https:\/\/yoast.com\/product\/yoast-seo-wordpress\/ -->\n<title>Protecci\u00f3n de datos de proveedores - Benito Arn\u00f3<\/title>\n<meta name=\"description\" content=\"Protecci\u00f3n de datos de proveedores -\" \/>\n<meta name=\"robots\" content=\"index, follow, max-snippet:-1, max-image-preview:large, max-video-preview:-1\" \/>\n<link rel=\"canonical\" href=\"https:\/\/www.arno.es\/ca\/proteccion-de-datos-de-proveedores\/\" \/>\n<meta property=\"og:locale\" content=\"ca_ES\" \/>\n<meta property=\"og:type\" content=\"article\" \/>\n<meta property=\"og:title\" content=\"Protecci\u00f3n de datos de proveedores - Benito Arn\u00f3\" \/>\n<meta property=\"og:description\" content=\"Protecci\u00f3n de datos de proveedores -\" \/>\n<meta property=\"og:url\" content=\"https:\/\/www.arno.es\/ca\/proteccion-de-datos-de-proveedores\/\" \/>\n<meta property=\"og:site_name\" content=\"Benito Arn\u00f3\" \/>\n<meta property=\"article:publisher\" content=\"https:\/\/www.facebook.com\/BenitoArno\/\" \/>\n<meta property=\"article:modified_time\" content=\"2018-07-12T13:12:23+00:00\" \/>\n<meta name=\"twitter:card\" content=\"summary_large_image\" \/>\n<meta name=\"twitter:site\" content=\"@benito_arno\" \/>\n<meta name=\"twitter:label1\" content=\"Temps estimat de lectura\" \/>\n\t<meta name=\"twitter:data1\" content=\"6 minuts\" \/>\n<script type=\"application\/ld+json\" class=\"yoast-schema-graph\">{\"@context\":\"https:\\\/\\\/schema.org\",\"@graph\":[{\"@type\":\"WebPage\",\"@id\":\"https:\\\/\\\/www.arno.es\\\/ca\\\/proteccion-de-datos-de-proveedores\\\/\",\"url\":\"https:\\\/\\\/www.arno.es\\\/ca\\\/proteccion-de-datos-de-proveedores\\\/\",\"name\":\"Protecci\u00f3n de datos de proveedores - Benito Arn\u00f3\",\"isPartOf\":{\"@id\":\"https:\\\/\\\/www.arno.es\\\/ca\\\/#website\"},\"datePublished\":\"2018-07-12T11:12:23+00:00\",\"dateModified\":\"2018-07-12T13:12:23+00:00\",\"description\":\"Protecci\u00f3n de datos de proveedores -\",\"breadcrumb\":{\"@id\":\"https:\\\/\\\/www.arno.es\\\/ca\\\/proteccion-de-datos-de-proveedores\\\/#breadcrumb\"},\"inLanguage\":\"ca\",\"potentialAction\":[{\"@type\":\"ReadAction\",\"target\":[\"https:\\\/\\\/www.arno.es\\\/ca\\\/proteccion-de-datos-de-proveedores\\\/\"]}]},{\"@type\":\"BreadcrumbList\",\"@id\":\"https:\\\/\\\/www.arno.es\\\/ca\\\/proteccion-de-datos-de-proveedores\\\/#breadcrumb\",\"itemListElement\":[{\"@type\":\"ListItem\",\"position\":1,\"name\":\"Portada\",\"item\":\"https:\\\/\\\/www.arno.es\\\/ca\\\/\"},{\"@type\":\"ListItem\",\"position\":2,\"name\":\"Protecci\u00f3n de datos de proveedores\"}]},{\"@type\":\"WebSite\",\"@id\":\"https:\\\/\\\/www.arno.es\\\/ca\\\/#website\",\"url\":\"https:\\\/\\\/www.arno.es\\\/ca\\\/\",\"name\":\"Benito Arn\u00f3\",\"description\":\"[:es]Construcci\u00f3n y servicios[:ca]Construcci\u00f3 i serveis[:]\",\"publisher\":{\"@id\":\"https:\\\/\\\/www.arno.es\\\/ca\\\/#organization\"},\"potentialAction\":[{\"@type\":\"SearchAction\",\"target\":{\"@type\":\"EntryPoint\",\"urlTemplate\":\"https:\\\/\\\/www.arno.es\\\/ca\\\/?s={search_term_string}\"},\"query-input\":{\"@type\":\"PropertyValueSpecification\",\"valueRequired\":true,\"valueName\":\"search_term_string\"}}],\"inLanguage\":\"ca\"},{\"@type\":\"Organization\",\"@id\":\"https:\\\/\\\/www.arno.es\\\/ca\\\/#organization\",\"name\":\"Benito Arn\u00f3 e Hijos\",\"url\":\"https:\\\/\\\/www.arno.es\\\/ca\\\/\",\"logo\":{\"@type\":\"ImageObject\",\"inLanguage\":\"ca\",\"@id\":\"https:\\\/\\\/www.arno.es\\\/ca\\\/#\\\/schema\\\/logo\\\/image\\\/\",\"url\":\"https:\\\/\\\/www.arno.es\\\/wp-content\\\/uploads\\\/2018\\\/10\\\/ARNO-Logo-web-1.png\",\"contentUrl\":\"https:\\\/\\\/www.arno.es\\\/wp-content\\\/uploads\\\/2018\\\/10\\\/ARNO-Logo-web-1.png\",\"width\":186,\"height\":75,\"caption\":\"Benito Arn\u00f3 e Hijos\"},\"image\":{\"@id\":\"https:\\\/\\\/www.arno.es\\\/ca\\\/#\\\/schema\\\/logo\\\/image\\\/\"},\"sameAs\":[\"https:\\\/\\\/www.facebook.com\\\/BenitoArno\\\/\",\"https:\\\/\\\/x.com\\\/benito_arno\",\"https:\\\/\\\/www.instagram.com\\\/benito_arno\\\/\",\"https:\\\/\\\/www.linkedin.com\\\/company\\\/benitoarno\",\"https:\\\/\\\/www.youtube.com\\\/c\\\/benitoarno\"]}]}<\/script>\n<!-- \/ Yoast SEO plugin. -->","yoast_head_json":{"title":"Protecci\u00f3n de datos de proveedores - Benito Arn\u00f3","description":"Protecci\u00f3n de datos de proveedores -","robots":{"index":"index","follow":"follow","max-snippet":"max-snippet:-1","max-image-preview":"max-image-preview:large","max-video-preview":"max-video-preview:-1"},"canonical":"https:\/\/www.arno.es\/ca\/proteccion-de-datos-de-proveedores\/","og_locale":"ca_ES","og_type":"article","og_title":"Protecci\u00f3n de datos de proveedores - Benito Arn\u00f3","og_description":"Protecci\u00f3n de datos de proveedores -","og_url":"https:\/\/www.arno.es\/ca\/proteccion-de-datos-de-proveedores\/","og_site_name":"Benito Arn\u00f3","article_publisher":"https:\/\/www.facebook.com\/BenitoArno\/","article_modified_time":"2018-07-12T13:12:23+00:00","twitter_card":"summary_large_image","twitter_site":"@benito_arno","twitter_misc":{"Temps estimat de lectura":"6 minuts"},"schema":{"@context":"https:\/\/schema.org","@graph":[{"@type":"WebPage","@id":"https:\/\/www.arno.es\/ca\/proteccion-de-datos-de-proveedores\/","url":"https:\/\/www.arno.es\/ca\/proteccion-de-datos-de-proveedores\/","name":"Protecci\u00f3n de datos de proveedores - Benito Arn\u00f3","isPartOf":{"@id":"https:\/\/www.arno.es\/ca\/#website"},"datePublished":"2018-07-12T11:12:23+00:00","dateModified":"2018-07-12T13:12:23+00:00","description":"Protecci\u00f3n de datos de proveedores -","breadcrumb":{"@id":"https:\/\/www.arno.es\/ca\/proteccion-de-datos-de-proveedores\/#breadcrumb"},"inLanguage":"ca","potentialAction":[{"@type":"ReadAction","target":["https:\/\/www.arno.es\/ca\/proteccion-de-datos-de-proveedores\/"]}]},{"@type":"BreadcrumbList","@id":"https:\/\/www.arno.es\/ca\/proteccion-de-datos-de-proveedores\/#breadcrumb","itemListElement":[{"@type":"ListItem","position":1,"name":"Portada","item":"https:\/\/www.arno.es\/ca\/"},{"@type":"ListItem","position":2,"name":"Protecci\u00f3n de datos de proveedores"}]},{"@type":"WebSite","@id":"https:\/\/www.arno.es\/ca\/#website","url":"https:\/\/www.arno.es\/ca\/","name":"Benito Arn\u00f3","description":"[:es]Construcci\u00f3n y servicios[:ca]Construcci\u00f3 i serveis[:]","publisher":{"@id":"https:\/\/www.arno.es\/ca\/#organization"},"potentialAction":[{"@type":"SearchAction","target":{"@type":"EntryPoint","urlTemplate":"https:\/\/www.arno.es\/ca\/?s={search_term_string}"},"query-input":{"@type":"PropertyValueSpecification","valueRequired":true,"valueName":"search_term_string"}}],"inLanguage":"ca"},{"@type":"Organization","@id":"https:\/\/www.arno.es\/ca\/#organization","name":"Benito Arn\u00f3 e Hijos","url":"https:\/\/www.arno.es\/ca\/","logo":{"@type":"ImageObject","inLanguage":"ca","@id":"https:\/\/www.arno.es\/ca\/#\/schema\/logo\/image\/","url":"https:\/\/www.arno.es\/wp-content\/uploads\/2018\/10\/ARNO-Logo-web-1.png","contentUrl":"https:\/\/www.arno.es\/wp-content\/uploads\/2018\/10\/ARNO-Logo-web-1.png","width":186,"height":75,"caption":"Benito Arn\u00f3 e Hijos"},"image":{"@id":"https:\/\/www.arno.es\/ca\/#\/schema\/logo\/image\/"},"sameAs":["https:\/\/www.facebook.com\/BenitoArno\/","https:\/\/x.com\/benito_arno","https:\/\/www.instagram.com\/benito_arno\/","https:\/\/www.linkedin.com\/company\/benitoarno","https:\/\/www.youtube.com\/c\/benitoarno"]}]}},"_links":{"self":[{"href":"https:\/\/www.arno.es\/ca\/wp-json\/wp\/v2\/pages\/19410","targetHints":{"allow":["GET"]}}],"collection":[{"href":"https:\/\/www.arno.es\/ca\/wp-json\/wp\/v2\/pages"}],"about":[{"href":"https:\/\/www.arno.es\/ca\/wp-json\/wp\/v2\/types\/page"}],"author":[{"embeddable":true,"href":"https:\/\/www.arno.es\/ca\/wp-json\/wp\/v2\/users\/11"}],"replies":[{"embeddable":true,"href":"https:\/\/www.arno.es\/ca\/wp-json\/wp\/v2\/comments?post=19410"}],"version-history":[{"count":0,"href":"https:\/\/www.arno.es\/ca\/wp-json\/wp\/v2\/pages\/19410\/revisions"}],"wp:attachment":[{"href":"https:\/\/www.arno.es\/ca\/wp-json\/wp\/v2\/media?parent=19410"}],"curies":[{"name":"wp","href":"https:\/\/api.w.org\/{rel}","templated":true}]}}