{"id":19426,"date":"2024-01-19T17:14:03","date_gmt":"2024-01-19T16:14:03","guid":{"rendered":"https:\/\/www.arno.es\/innovacio-verda-a-alfarras-el-nostre-compromis-amb-lenergia-renovable\/"},"modified":"2024-01-19T17:14:03","modified_gmt":"2024-01-19T15:14:03","slug":"innovacio-verda-a-alfarras-el-nostre-compromis-amb-lenergia-renovable","status":"publish","type":"page","link":"https:\/\/www.arno.es\/ca\/innovacio-verda-a-alfarras-el-nostre-compromis-amb-lenergia-renovable\/","title":{"rendered":"Innovaci\u00f3 Verda a Alfarr\u00e1s: El Nostre Comprom\u00eds amb l&#8217;Energia Renovable"},"content":{"rendered":"<div class=\"fusion-fullwidth fullwidth-box fusion-builder-row-1 fusion-flex-container has-pattern-background has-mask-background nonhundred-percent-fullwidth non-hundred-percent-height-scrolling\" style=\"--awb-border-radius-top-left:0px;--awb-border-radius-top-right:0px;--awb-border-radius-bottom-right:0px;--awb-border-radius-bottom-left:0px;--awb-flex-wrap:wrap;\" ><div class=\"fusion-builder-row fusion-row fusion-flex-align-items-flex-start fusion-flex-content-wrap\" style=\"max-width:1216.8px;margin-left: calc(-4% \/ 2 );margin-right: calc(-4% \/ 2 );\"><div class=\"fusion-layout-column fusion_builder_column fusion-builder-column-0 fusion_builder_column_1_1 1_1 fusion-flex-column fusion-flex-align-self-center\" style=\"--awb-bg-size:cover;--awb-width-large:100%;--awb-margin-top-large:0px;--awb-spacing-right-large:1.92%;--awb-margin-bottom-large:0px;--awb-spacing-left-large:1.92%;--awb-width-medium:100%;--awb-order-medium:0;--awb-spacing-right-medium:1.92%;--awb-spacing-left-medium:1.92%;--awb-width-small:100%;--awb-order-small:0;--awb-spacing-right-small:1.92%;--awb-spacing-left-small:1.92%;\" data-scroll-devices=\"small-visibility,medium-visibility,large-visibility\"><div class=\"fusion-column-wrapper fusion-column-has-shadow fusion-flex-justify-content-center fusion-content-layout-column\"><div class=\"fusion-title title fusion-title-1 fusion-sep-none fusion-title-text fusion-title-size-one\"><h1 class=\"fusion-title-heading title-heading-left fusion-responsive-typography-calculated\" style=\"margin:0;--fontSize:34;line-height:1.40;\">Innovaci\u00f3 Verda a Alfarr\u00e1s: El Nostre Comprom\u00eds amb l&#8217;Energia Renovable<\/h1><\/div><div class=\"fusion-text fusion-text-1\"><p><img decoding=\"async\" class=\"alignnone wp-image-16954\" src=\"https:\/\/www.arno.es\/wp-content\/uploads\/2024\/01\/logos-entidades-300x25.png\" alt=\"\" width=\"1128\" height=\"94\" srcset=\"https:\/\/www.arno.es\/wp-content\/uploads\/2024\/01\/logos-entidades-200x17.png 200w, https:\/\/www.arno.es\/wp-content\/uploads\/2024\/01\/logos-entidades-300x25.png 300w, https:\/\/www.arno.es\/wp-content\/uploads\/2024\/01\/logos-entidades-400x33.png 400w, https:\/\/www.arno.es\/wp-content\/uploads\/2024\/01\/logos-entidades-600x50.png 600w, https:\/\/www.arno.es\/wp-content\/uploads\/2024\/01\/logos-entidades-768x63.png 768w, https:\/\/www.arno.es\/wp-content\/uploads\/2024\/01\/logos-entidades-800x66.png 800w, https:\/\/www.arno.es\/wp-content\/uploads\/2024\/01\/logos-entidades-1024x85.png 1024w, https:\/\/www.arno.es\/wp-content\/uploads\/2024\/01\/logos-entidades-1200x99.png 1200w, https:\/\/www.arno.es\/wp-content\/uploads\/2024\/01\/logos-entidades-1536x127.png 1536w\" sizes=\"(max-width: 1128px) 100vw, 1128px\" \/>\u00a1<\/p>\n<p>Grans not\u00edcies des d&#8217;Alfarr\u00e1s! Aquest gener, hem assolit un important aven\u00e7 en la nostra aposta per la sostenibilitat amb la finalitzaci\u00f3 de la instal\u00b7laci\u00f3 d&#8217;una planta solar fotovoltaica d&#8217;avantguarda. Amb una pot\u00e8ncia nominal de 100,1 kW, aquesta instal\u00b7laci\u00f3 no nom\u00e9s representa un \u00e8xit t\u00e8cnic, sin\u00f3 tamb\u00e9 un ferm comprom\u00eds amb el medi ambient.<\/p>\n<p>Situat en els nostres tallers, parc de maquin\u00e0ria i oficines, el sistema inclou 182 m\u00f2duls solars de 550 W cadascun, ocupant una superf\u00edcie de 479 m\u00b2 en les cobertes de dues naus. Aquesta instal\u00b7laci\u00f3 ens permetr\u00e0 generar aproximadament 155 MWh anuals, el que suposa un 60% del consum total d&#8217;aquestes depend\u00e8ncies.<\/p>\n<p>Aquest projecte forma part d&#8217;una iniciativa m\u00e9s \u00e0mplia: el programa d&#8217;incentius per a l&#8217;autoconsum i emmagatzematge amb fonts d&#8217;energia renovable. Aquest esfor\u00e7 forma part del Pla de Recuperaci\u00f3, Transformaci\u00f3 i Resili\u00e8ncia, finan\u00e7at per la Uni\u00f3 Europea a trav\u00e9s de NextGenerationEU.<\/p>\n<p>Aquesta iniciativa \u00e9s un exemple clar de com la inversi\u00f3 en energies renovables beneficia no nom\u00e9s al medi ambient, sin\u00f3 que tamb\u00e9 impulsa la innovaci\u00f3 i el creixement sostenible. Estem orgullosos de ser capdavanters en aquest cam\u00ed cap a un futur m\u00e9s verd i resilient.<\/p>\n<p>Aquest projecte \u00e9s un pas significatiu en el nostre cam\u00ed cap a la sostenibilitat. Amb l&#8217;adopci\u00f3 d&#8217;energies renovables, redu\u00efm la nostra petjada de carboni i liderem amb l&#8217;exemple, demostrant el que \u00e9s possible quan la innovaci\u00f3 i la responsabilitat ambiental van de la m\u00e0.<\/p>\n<\/div><div class=\"fusion-builder-row fusion-builder-row-inner fusion-row fusion-flex-align-items-flex-start fusion-flex-content-wrap\" style=\"width:104% !important;max-width:104% !important;margin-left: calc(-4% \/ 2 );margin-right: calc(-4% \/ 2 );\"><div class=\"fusion-layout-column fusion_builder_column_inner fusion-builder-nested-column-0 fusion_builder_column_inner_1_2 1_2 fusion-flex-column\" style=\"--awb-bg-size:cover;--awb-width-large:50%;--awb-margin-top-large:0px;--awb-spacing-right-large:3.84%;--awb-margin-bottom-large:0px;--awb-spacing-left-large:3.84%;--awb-width-medium:50%;--awb-order-medium:0;--awb-spacing-right-medium:3.84%;--awb-spacing-left-medium:3.84%;--awb-width-small:100%;--awb-order-small:0;--awb-spacing-right-small:1.92%;--awb-spacing-left-small:1.92%;\"><div class=\"fusion-column-wrapper fusion-column-has-shadow fusion-flex-justify-content-flex-start fusion-content-layout-column\"><div class=\"fusion-image-element \" style=\"text-align:center;--awb-caption-title-font-family:var(--h2_typography-font-family);--awb-caption-title-font-weight:var(--h2_typography-font-weight);--awb-caption-title-font-style:var(--h2_typography-font-style);--awb-caption-title-size:var(--h2_typography-font-size);--awb-caption-title-transform:var(--h2_typography-text-transform);--awb-caption-title-line-height:var(--h2_typography-line-height);--awb-caption-title-letter-spacing:var(--h2_typography-letter-spacing);\"><span class=\" fusion-imageframe imageframe-none imageframe-1 hover-type-none\"><img decoding=\"async\" width=\"600\" height=\"261\" title=\"alfarras fotovoltaica 1\" src=\"https:\/\/www.arno.es\/wp-content\/uploads\/2024\/01\/alfarras-fotovoltaica-1-600x261.png\" alt class=\"img-responsive wp-image-19159\" srcset=\"https:\/\/www.arno.es\/wp-content\/uploads\/2024\/01\/alfarras-fotovoltaica-1-200x87.png 200w, https:\/\/www.arno.es\/wp-content\/uploads\/2024\/01\/alfarras-fotovoltaica-1-400x174.png 400w, https:\/\/www.arno.es\/wp-content\/uploads\/2024\/01\/alfarras-fotovoltaica-1-600x261.png 600w, https:\/\/www.arno.es\/wp-content\/uploads\/2024\/01\/alfarras-fotovoltaica-1-800x347.png 800w, https:\/\/www.arno.es\/wp-content\/uploads\/2024\/01\/alfarras-fotovoltaica-1-1200x521.png 1200w, https:\/\/www.arno.es\/wp-content\/uploads\/2024\/01\/alfarras-fotovoltaica-1.png 1916w\" sizes=\"(max-width: 640px) 100vw, 600px\" \/><\/span><\/div><\/div><\/div><div class=\"fusion-layout-column fusion_builder_column_inner fusion-builder-nested-column-1 fusion_builder_column_inner_1_2 1_2 fusion-flex-column\" style=\"--awb-bg-size:cover;--awb-width-large:50%;--awb-margin-top-large:0px;--awb-spacing-right-large:3.84%;--awb-margin-bottom-large:0px;--awb-spacing-left-large:3.84%;--awb-width-medium:50%;--awb-order-medium:0;--awb-spacing-right-medium:3.84%;--awb-spacing-left-medium:3.84%;--awb-width-small:100%;--awb-order-small:0;--awb-spacing-right-small:1.92%;--awb-spacing-left-small:1.92%;\"><div class=\"fusion-column-wrapper fusion-column-has-shadow fusion-flex-justify-content-flex-start fusion-content-layout-column\"><div class=\"fusion-image-element \" style=\"text-align:center;--awb-caption-title-font-family:var(--h2_typography-font-family);--awb-caption-title-font-weight:var(--h2_typography-font-weight);--awb-caption-title-font-style:var(--h2_typography-font-style);--awb-caption-title-size:var(--h2_typography-font-size);--awb-caption-title-transform:var(--h2_typography-text-transform);--awb-caption-title-line-height:var(--h2_typography-line-height);--awb-caption-title-letter-spacing:var(--h2_typography-letter-spacing);\"><span class=\" fusion-imageframe imageframe-none imageframe-2 hover-type-none\"><img decoding=\"async\" width=\"600\" height=\"334\" title=\"alfarras fotovoltaica 2\" src=\"https:\/\/www.arno.es\/wp-content\/uploads\/2024\/01\/alfarras-fotovoltaica-2-600x334.png\" alt class=\"img-responsive wp-image-19160\" srcset=\"https:\/\/www.arno.es\/wp-content\/uploads\/2024\/01\/alfarras-fotovoltaica-2-200x111.png 200w, https:\/\/www.arno.es\/wp-content\/uploads\/2024\/01\/alfarras-fotovoltaica-2-400x223.png 400w, https:\/\/www.arno.es\/wp-content\/uploads\/2024\/01\/alfarras-fotovoltaica-2-600x334.png 600w, https:\/\/www.arno.es\/wp-content\/uploads\/2024\/01\/alfarras-fotovoltaica-2-800x446.png 800w, https:\/\/www.arno.es\/wp-content\/uploads\/2024\/01\/alfarras-fotovoltaica-2-1200x668.png 1200w, https:\/\/www.arno.es\/wp-content\/uploads\/2024\/01\/alfarras-fotovoltaica-2.png 1910w\" sizes=\"(max-width: 640px) 100vw, 600px\" \/><\/span><\/div><\/div><\/div><\/div><\/div><\/div><\/div><\/div>\n","protected":false},"excerpt":{"rendered":"","protected":false},"author":11,"featured_media":0,"parent":0,"menu_order":0,"comment_status":"closed","ping_status":"closed","template":"","meta":{"footnotes":""},"class_list":["post-19426","page","type-page","status-publish","hentry"],"yoast_head":"<!-- This site is optimized with the Yoast SEO plugin v27.4 - https:\/\/yoast.com\/product\/yoast-seo-wordpress\/ -->\n<title>Innovaci\u00f3 Verda a Alfarr\u00e1s: El Nostre Comprom\u00eds amb l&#039;Energia Renovable - Benito Arn\u00f3<\/title>\n<meta name=\"description\" content=\"Innovaci\u00f3 Verda a Alfarr\u00e1s: El Nostre Comprom\u00eds amb l&#039;Energia Renovable -\" \/>\n<meta name=\"robots\" content=\"index, follow, max-snippet:-1, max-image-preview:large, max-video-preview:-1\" \/>\n<link rel=\"canonical\" href=\"https:\/\/www.arno.es\/ca\/innovacio-verda-a-alfarras-el-nostre-compromis-amb-lenergia-renovable\/\" \/>\n<meta property=\"og:locale\" content=\"ca_ES\" \/>\n<meta property=\"og:type\" content=\"article\" \/>\n<meta property=\"og:title\" content=\"Innovaci\u00f3 Verda a Alfarr\u00e1s: El Nostre Comprom\u00eds amb l&#039;Energia Renovable - Benito Arn\u00f3\" \/>\n<meta property=\"og:description\" content=\"Innovaci\u00f3 Verda a Alfarr\u00e1s: El Nostre Comprom\u00eds amb l&#039;Energia Renovable -\" \/>\n<meta property=\"og:url\" content=\"https:\/\/www.arno.es\/ca\/innovacio-verda-a-alfarras-el-nostre-compromis-amb-lenergia-renovable\/\" \/>\n<meta property=\"og:site_name\" content=\"Benito Arn\u00f3\" \/>\n<meta property=\"article:publisher\" content=\"https:\/\/www.facebook.com\/BenitoArno\/\" \/>\n<meta property=\"og:image\" content=\"https:\/\/www.arno.es\/wp-content\/uploads\/2024\/01\/logos-entidades-300x25.png\" \/>\n<meta name=\"twitter:card\" content=\"summary_large_image\" \/>\n<meta name=\"twitter:site\" content=\"@benito_arno\" \/>\n<meta name=\"twitter:label1\" content=\"Temps estimat de lectura\" \/>\n\t<meta name=\"twitter:data1\" content=\"15 minuts\" \/>\n<script type=\"application\/ld+json\" class=\"yoast-schema-graph\">{\"@context\":\"https:\\\/\\\/schema.org\",\"@graph\":[{\"@type\":\"WebPage\",\"@id\":\"https:\\\/\\\/www.arno.es\\\/ca\\\/innovacio-verda-a-alfarras-el-nostre-compromis-amb-lenergia-renovable\\\/\",\"url\":\"https:\\\/\\\/www.arno.es\\\/ca\\\/innovacio-verda-a-alfarras-el-nostre-compromis-amb-lenergia-renovable\\\/\",\"name\":\"Innovaci\u00f3 Verda a Alfarr\u00e1s: El Nostre Comprom\u00eds amb l'Energia Renovable - Benito Arn\u00f3\",\"isPartOf\":{\"@id\":\"https:\\\/\\\/www.arno.es\\\/ca\\\/#website\"},\"primaryImageOfPage\":{\"@id\":\"https:\\\/\\\/www.arno.es\\\/ca\\\/innovacio-verda-a-alfarras-el-nostre-compromis-amb-lenergia-renovable\\\/#primaryimage\"},\"image\":{\"@id\":\"https:\\\/\\\/www.arno.es\\\/ca\\\/innovacio-verda-a-alfarras-el-nostre-compromis-amb-lenergia-renovable\\\/#primaryimage\"},\"thumbnailUrl\":\"https:\\\/\\\/www.arno.es\\\/wp-content\\\/uploads\\\/2024\\\/01\\\/logos-entidades-300x25.png\",\"datePublished\":\"2024-01-19T16:14:03+00:00\",\"description\":\"Innovaci\u00f3 Verda a Alfarr\u00e1s: El Nostre Comprom\u00eds amb l'Energia Renovable -\",\"breadcrumb\":{\"@id\":\"https:\\\/\\\/www.arno.es\\\/ca\\\/innovacio-verda-a-alfarras-el-nostre-compromis-amb-lenergia-renovable\\\/#breadcrumb\"},\"inLanguage\":\"ca\",\"potentialAction\":[{\"@type\":\"ReadAction\",\"target\":[\"https:\\\/\\\/www.arno.es\\\/ca\\\/innovacio-verda-a-alfarras-el-nostre-compromis-amb-lenergia-renovable\\\/\"]}]},{\"@type\":\"ImageObject\",\"inLanguage\":\"ca\",\"@id\":\"https:\\\/\\\/www.arno.es\\\/ca\\\/innovacio-verda-a-alfarras-el-nostre-compromis-amb-lenergia-renovable\\\/#primaryimage\",\"url\":\"https:\\\/\\\/www.arno.es\\\/wp-content\\\/uploads\\\/2024\\\/01\\\/logos-entidades-300x25.png\",\"contentUrl\":\"https:\\\/\\\/www.arno.es\\\/wp-content\\\/uploads\\\/2024\\\/01\\\/logos-entidades-300x25.png\"},{\"@type\":\"BreadcrumbList\",\"@id\":\"https:\\\/\\\/www.arno.es\\\/ca\\\/innovacio-verda-a-alfarras-el-nostre-compromis-amb-lenergia-renovable\\\/#breadcrumb\",\"itemListElement\":[{\"@type\":\"ListItem\",\"position\":1,\"name\":\"Portada\",\"item\":\"https:\\\/\\\/www.arno.es\\\/ca\\\/\"},{\"@type\":\"ListItem\",\"position\":2,\"name\":\"Innovaci\u00f3 Verda a Alfarr\u00e1s: El Nostre Comprom\u00eds amb l&#8217;Energia Renovable\"}]},{\"@type\":\"WebSite\",\"@id\":\"https:\\\/\\\/www.arno.es\\\/ca\\\/#website\",\"url\":\"https:\\\/\\\/www.arno.es\\\/ca\\\/\",\"name\":\"Benito Arn\u00f3\",\"description\":\"[:es]Construcci\u00f3n y servicios[:ca]Construcci\u00f3 i serveis[:]\",\"publisher\":{\"@id\":\"https:\\\/\\\/www.arno.es\\\/ca\\\/#organization\"},\"potentialAction\":[{\"@type\":\"SearchAction\",\"target\":{\"@type\":\"EntryPoint\",\"urlTemplate\":\"https:\\\/\\\/www.arno.es\\\/ca\\\/?s={search_term_string}\"},\"query-input\":{\"@type\":\"PropertyValueSpecification\",\"valueRequired\":true,\"valueName\":\"search_term_string\"}}],\"inLanguage\":\"ca\"},{\"@type\":\"Organization\",\"@id\":\"https:\\\/\\\/www.arno.es\\\/ca\\\/#organization\",\"name\":\"Benito Arn\u00f3 e Hijos\",\"url\":\"https:\\\/\\\/www.arno.es\\\/ca\\\/\",\"logo\":{\"@type\":\"ImageObject\",\"inLanguage\":\"ca\",\"@id\":\"https:\\\/\\\/www.arno.es\\\/ca\\\/#\\\/schema\\\/logo\\\/image\\\/\",\"url\":\"https:\\\/\\\/www.arno.es\\\/wp-content\\\/uploads\\\/2018\\\/10\\\/ARNO-Logo-web-1.png\",\"contentUrl\":\"https:\\\/\\\/www.arno.es\\\/wp-content\\\/uploads\\\/2018\\\/10\\\/ARNO-Logo-web-1.png\",\"width\":186,\"height\":75,\"caption\":\"Benito Arn\u00f3 e Hijos\"},\"image\":{\"@id\":\"https:\\\/\\\/www.arno.es\\\/ca\\\/#\\\/schema\\\/logo\\\/image\\\/\"},\"sameAs\":[\"https:\\\/\\\/www.facebook.com\\\/BenitoArno\\\/\",\"https:\\\/\\\/x.com\\\/benito_arno\",\"https:\\\/\\\/www.instagram.com\\\/benito_arno\\\/\",\"https:\\\/\\\/www.linkedin.com\\\/company\\\/benitoarno\",\"https:\\\/\\\/www.youtube.com\\\/c\\\/benitoarno\"]}]}<\/script>\n<!-- \/ Yoast SEO plugin. -->","yoast_head_json":{"title":"Innovaci\u00f3 Verda a Alfarr\u00e1s: El Nostre Comprom\u00eds amb l'Energia Renovable - Benito Arn\u00f3","description":"Innovaci\u00f3 Verda a Alfarr\u00e1s: El Nostre Comprom\u00eds amb l'Energia Renovable -","robots":{"index":"index","follow":"follow","max-snippet":"max-snippet:-1","max-image-preview":"max-image-preview:large","max-video-preview":"max-video-preview:-1"},"canonical":"https:\/\/www.arno.es\/ca\/innovacio-verda-a-alfarras-el-nostre-compromis-amb-lenergia-renovable\/","og_locale":"ca_ES","og_type":"article","og_title":"Innovaci\u00f3 Verda a Alfarr\u00e1s: El Nostre Comprom\u00eds amb l'Energia Renovable - Benito Arn\u00f3","og_description":"Innovaci\u00f3 Verda a Alfarr\u00e1s: El Nostre Comprom\u00eds amb l'Energia Renovable -","og_url":"https:\/\/www.arno.es\/ca\/innovacio-verda-a-alfarras-el-nostre-compromis-amb-lenergia-renovable\/","og_site_name":"Benito Arn\u00f3","article_publisher":"https:\/\/www.facebook.com\/BenitoArno\/","og_image":[{"url":"https:\/\/www.arno.es\/wp-content\/uploads\/2024\/01\/logos-entidades-300x25.png","type":"","width":"","height":""}],"twitter_card":"summary_large_image","twitter_site":"@benito_arno","twitter_misc":{"Temps estimat de lectura":"15 minuts"},"schema":{"@context":"https:\/\/schema.org","@graph":[{"@type":"WebPage","@id":"https:\/\/www.arno.es\/ca\/innovacio-verda-a-alfarras-el-nostre-compromis-amb-lenergia-renovable\/","url":"https:\/\/www.arno.es\/ca\/innovacio-verda-a-alfarras-el-nostre-compromis-amb-lenergia-renovable\/","name":"Innovaci\u00f3 Verda a Alfarr\u00e1s: El Nostre Comprom\u00eds amb l'Energia Renovable - Benito Arn\u00f3","isPartOf":{"@id":"https:\/\/www.arno.es\/ca\/#website"},"primaryImageOfPage":{"@id":"https:\/\/www.arno.es\/ca\/innovacio-verda-a-alfarras-el-nostre-compromis-amb-lenergia-renovable\/#primaryimage"},"image":{"@id":"https:\/\/www.arno.es\/ca\/innovacio-verda-a-alfarras-el-nostre-compromis-amb-lenergia-renovable\/#primaryimage"},"thumbnailUrl":"https:\/\/www.arno.es\/wp-content\/uploads\/2024\/01\/logos-entidades-300x25.png","datePublished":"2024-01-19T16:14:03+00:00","description":"Innovaci\u00f3 Verda a Alfarr\u00e1s: El Nostre Comprom\u00eds amb l'Energia Renovable -","breadcrumb":{"@id":"https:\/\/www.arno.es\/ca\/innovacio-verda-a-alfarras-el-nostre-compromis-amb-lenergia-renovable\/#breadcrumb"},"inLanguage":"ca","potentialAction":[{"@type":"ReadAction","target":["https:\/\/www.arno.es\/ca\/innovacio-verda-a-alfarras-el-nostre-compromis-amb-lenergia-renovable\/"]}]},{"@type":"ImageObject","inLanguage":"ca","@id":"https:\/\/www.arno.es\/ca\/innovacio-verda-a-alfarras-el-nostre-compromis-amb-lenergia-renovable\/#primaryimage","url":"https:\/\/www.arno.es\/wp-content\/uploads\/2024\/01\/logos-entidades-300x25.png","contentUrl":"https:\/\/www.arno.es\/wp-content\/uploads\/2024\/01\/logos-entidades-300x25.png"},{"@type":"BreadcrumbList","@id":"https:\/\/www.arno.es\/ca\/innovacio-verda-a-alfarras-el-nostre-compromis-amb-lenergia-renovable\/#breadcrumb","itemListElement":[{"@type":"ListItem","position":1,"name":"Portada","item":"https:\/\/www.arno.es\/ca\/"},{"@type":"ListItem","position":2,"name":"Innovaci\u00f3 Verda a Alfarr\u00e1s: El Nostre Comprom\u00eds amb l&#8217;Energia Renovable"}]},{"@type":"WebSite","@id":"https:\/\/www.arno.es\/ca\/#website","url":"https:\/\/www.arno.es\/ca\/","name":"Benito Arn\u00f3","description":"[:es]Construcci\u00f3n y servicios[:ca]Construcci\u00f3 i serveis[:]","publisher":{"@id":"https:\/\/www.arno.es\/ca\/#organization"},"potentialAction":[{"@type":"SearchAction","target":{"@type":"EntryPoint","urlTemplate":"https:\/\/www.arno.es\/ca\/?s={search_term_string}"},"query-input":{"@type":"PropertyValueSpecification","valueRequired":true,"valueName":"search_term_string"}}],"inLanguage":"ca"},{"@type":"Organization","@id":"https:\/\/www.arno.es\/ca\/#organization","name":"Benito Arn\u00f3 e Hijos","url":"https:\/\/www.arno.es\/ca\/","logo":{"@type":"ImageObject","inLanguage":"ca","@id":"https:\/\/www.arno.es\/ca\/#\/schema\/logo\/image\/","url":"https:\/\/www.arno.es\/wp-content\/uploads\/2018\/10\/ARNO-Logo-web-1.png","contentUrl":"https:\/\/www.arno.es\/wp-content\/uploads\/2018\/10\/ARNO-Logo-web-1.png","width":186,"height":75,"caption":"Benito Arn\u00f3 e Hijos"},"image":{"@id":"https:\/\/www.arno.es\/ca\/#\/schema\/logo\/image\/"},"sameAs":["https:\/\/www.facebook.com\/BenitoArno\/","https:\/\/x.com\/benito_arno","https:\/\/www.instagram.com\/benito_arno\/","https:\/\/www.linkedin.com\/company\/benitoarno","https:\/\/www.youtube.com\/c\/benitoarno"]}]}},"_links":{"self":[{"href":"https:\/\/www.arno.es\/ca\/wp-json\/wp\/v2\/pages\/19426","targetHints":{"allow":["GET"]}}],"collection":[{"href":"https:\/\/www.arno.es\/ca\/wp-json\/wp\/v2\/pages"}],"about":[{"href":"https:\/\/www.arno.es\/ca\/wp-json\/wp\/v2\/types\/page"}],"author":[{"embeddable":true,"href":"https:\/\/www.arno.es\/ca\/wp-json\/wp\/v2\/users\/11"}],"replies":[{"embeddable":true,"href":"https:\/\/www.arno.es\/ca\/wp-json\/wp\/v2\/comments?post=19426"}],"version-history":[{"count":0,"href":"https:\/\/www.arno.es\/ca\/wp-json\/wp\/v2\/pages\/19426\/revisions"}],"wp:attachment":[{"href":"https:\/\/www.arno.es\/ca\/wp-json\/wp\/v2\/media?parent=19426"}],"curies":[{"name":"wp","href":"https:\/\/api.w.org\/{rel}","templated":true}]}}